{"id":514,"date":"2019-07-25T15:50:07","date_gmt":"2019-07-25T15:50:07","guid":{"rendered":"http:\/\/www.eb23caiderei.pt\/site\/?page_id=514"},"modified":"2019-07-25T15:56:19","modified_gmt":"2019-07-25T15:56:19","slug":"estatuto-carreira-docente","status":"publish","type":"page","link":"https:\/\/www.eb23caiderei.pt\/site\/?page_id=514","title":{"rendered":"Estatuto Carreira Docente"},"content":{"rendered":"\n<p>Estatuto da Carreira dos Educadores de Inf\u00e2ncia e Professores dos Ensinos B\u00e1sico e Secund\u00e1rio<br \/>Decreto-Lei n.\u00ba 41\/2012<\/p>\n<p>\u00a0<\/p>\n<p><iframe src=\"http:\/\/www.eb23caiderei.pt\/Docs\/Dec_Leis\/estatutodocente.pdf\" width=\"100%\" height=\"1000\"><\/iframe><\/p>\n","protected":false},"excerpt":{"rendered":"<p>Estatuto da Carreira dos Educadores de Inf\u00e2ncia e Professores dos Ensinos B\u00e1sico e Secund\u00e1rioDecreto-Lei n.\u00ba 41\/2012 \u00a0<\/p>\n","protected":false},"author":1,"featured_media":0,"parent":0,"menu_order":0,"comment_status":"closed","ping_status":"closed","template":"","meta":{"_acf_changed":false,"footnotes":""},"acf":[],"jetpack_sharing_enabled":true,"_links":{"self":[{"href":"https:\/\/www.eb23caiderei.pt\/site\/index.php?rest_route=\/wp\/v2\/pages\/514"}],"collection":[{"href":"https:\/\/www.eb23caiderei.pt\/site\/index.php?rest_route=\/wp\/v2\/pages"}],"about":[{"href":"https:\/\/www.eb23caiderei.pt\/site\/index.php?rest_route=\/wp\/v2\/types\/page"}],"author":[{"embeddable":true,"href":"https:\/\/www.eb23caiderei.pt\/site\/index.php?rest_route=\/wp\/v2\/users\/1"}],"replies":[{"embeddable":true,"href":"https:\/\/www.eb23caiderei.pt\/site\/index.php?rest_route=%2Fwp%2Fv2%2Fcomments&post=514"}],"version-history":[{"count":4,"href":"https:\/\/www.eb23caiderei.pt\/site\/index.php?rest_route=\/wp\/v2\/pages\/514\/revisions"}],"predecessor-version":[{"id":519,"href":"https:\/\/www.eb23caiderei.pt\/site\/index.php?rest_route=\/wp\/v2\/pages\/514\/revisions\/519"}],"wp:attachment":[{"href":"https:\/\/www.eb23caiderei.pt\/site\/index.php?rest_route=%2Fwp%2Fv2%2Fmedia&parent=514"}],"curies":[{"name":"wp","href":"https:\/\/api.w.org\/{rel}","templated":true}]}}