{"id":6475,"date":"2025-02-17T21:47:45","date_gmt":"2025-02-17T21:47:45","guid":{"rendered":"http:\/\/www.eb23caiderei.pt\/site\/?page_id=6475"},"modified":"2025-05-12T17:36:57","modified_gmt":"2025-05-12T17:36:57","slug":"portal-da-transparencia","status":"publish","type":"page","link":"http:\/\/www.eb23caiderei.pt\/site\/?page_id=6475","title":{"rendered":"Portal da Transpar\u00eancia"},"content":{"rendered":"<div id=\"accordions-6477\" class=\"accordions-6477 accordions\" data-accordions={&quot;lazyLoad&quot;:true,&quot;id&quot;:&quot;6477&quot;,&quot;event&quot;:&quot;click&quot;,&quot;collapsible&quot;:&quot;true&quot;,&quot;heightStyle&quot;:&quot;content&quot;,&quot;animateStyle&quot;:&quot;swing&quot;,&quot;animateDelay&quot;:1000,&quot;navigation&quot;:true,&quot;active&quot;:999,&quot;expandedOther&quot;:&quot;no&quot;}>\n                <div id=\"accordions-lazy-6477\" class=\"accordions-lazy\" accordionsId=\"6477\">\n                    <\/div>\n\n        <div class=\"items\"  style=\"display:none\" >\n        \n                <div post_id=\"6477\" itemcount=\"0\"  header_id=\"header-1739829492358\" id=\"header-1739829492358\" style=\"\" class=\"accordions-head head1739829492358 border-none\" toggle-text=\"\" main-text=\"Preven\u00e7\u00e3o da Corrup\u00e7\u00e3o\">\n                                            <span id=\"accordion-icons-1739829492358\" class=\"accordion-icons\">\n                            <span class=\"accordion-icon-active accordion-plus\"><i class=\"fas fa-chevron-up\"><\/i><\/span>\n                            <span class=\"accordion-icon-inactive accordion-minus\"><i class=\"fas fa-chevron-right\"><\/i><\/span>\n                        <\/span>\n                        <span id=\"header-text-1739829492358\" class=\"accordions-head-title\">Preven\u00e7\u00e3o da Corrup\u00e7\u00e3o<\/span>\n                                    <\/div>\n                <div class=\"accordion-content content1739829492358 \">\n                    <p style=\"text-align: justify;\">Aqui poder\u00e1 denunciar de forma segura infra\u00e7\u00f5es e atos de corrup\u00e7\u00e3o ou infra\u00e7\u00f5es conexas nos termos previstos no Regime Geral de Prote\u00e7\u00e3o de Denunciantes de Infra\u00e7\u00f5es, aprovado pela Lei n.\u00ba 93\/2021, de 20 de dezembro, bem como no Regime Geral de Preven\u00e7\u00e3o da Corrup\u00e7\u00e3o, aprovado pelo Decreto-Lei n.\u00ba 109-E\/2021, de 9 de dezembro.<\/p>\n                <\/div>\n        \n                <div post_id=\"6477\" itemcount=\"1\"  header_id=\"header-1739829602750\" id=\"header-1739829602750\" style=\"\" class=\"accordions-head head1739829602750 border-none\" toggle-text=\"\" main-text=\"O que \u00e9 o canal de den\u00fancias\">\n                                            <span id=\"accordion-icons-1739829602750\" class=\"accordion-icons\">\n                            <span class=\"accordion-icon-active accordion-plus\"><i class=\"fas fa-chevron-up\"><\/i><\/span>\n                            <span class=\"accordion-icon-inactive accordion-minus\"><i class=\"fas fa-chevron-right\"><\/i><\/span>\n                        <\/span>\n                        <span id=\"header-text-1739829602750\" class=\"accordions-head-title\">O que \u00e9 o canal de den\u00fancias<\/span>\n                                    <\/div>\n                <div class=\"accordion-content content1739829602750 \">\n                    <p style=\"text-align: justify;\">O canal de den\u00fancia \u00e9 uma plataforma online para registo e tratamento de den\u00fancias, sendo um instrumento essencial para o despiste de todo o tipo de irregularidades de corrup\u00e7\u00e3o e infra\u00e7\u00f5es conexas.<\/p>\n                <\/div>\n        \n                <div post_id=\"6477\" itemcount=\"2\"  header_id=\"header-1739829629820\" id=\"header-1739829629820\" style=\"\" class=\"accordions-head head1739829629820 border-none\" toggle-text=\"\" main-text=\"O que pode ser denunciado\">\n                                            <span id=\"accordion-icons-1739829629820\" class=\"accordion-icons\">\n                            <span class=\"accordion-icon-active accordion-plus\"><i class=\"fas fa-chevron-up\"><\/i><\/span>\n                            <span class=\"accordion-icon-inactive accordion-minus\"><i class=\"fas fa-chevron-right\"><\/i><\/span>\n                        <\/span>\n                        <span id=\"header-text-1739829629820\" class=\"accordions-head-title\">O que pode ser denunciado<\/span>\n                                    <\/div>\n                <div class=\"accordion-content content1739829629820 \">\n                    <p style=\"text-align: justify;\">Ser\u00e3o consideradas as den\u00fancias relativas a mat\u00e9rias da compet\u00eancia do MENAC, designadamente factos relacionados com atos de corrup\u00e7\u00e3o e infra\u00e7\u00f5es conexas, ou com quaisquer irregularidades ou ilegalidades praticadas no \u00e2mbito de entidades sujeitas \u00e0 sua fiscaliza\u00e7\u00e3o no \u00e2mbito do regime geral de preven\u00e7\u00e3o da corrup\u00e7\u00e3o.<br \/>\nEntende -se por corrup\u00e7\u00e3o e infra\u00e7\u00f5es conexas os crimes de corrup\u00e7\u00e3o ativa e passiva, recebimento e oferta indevidos de vantagem, peculato, participa\u00e7\u00e3o econ\u00f3mica em neg\u00f3cio, concuss\u00e3o, abuso de poder, prevarica\u00e7\u00e3o, tr\u00e1fico de influ\u00eancia, branqueamento ou fraude na obten\u00e7\u00e3o ou desvio de subs\u00eddio, subven\u00e7\u00e3o ou cr\u00e9dito.<\/p>\n                <\/div>\n        \n                <div post_id=\"6477\" itemcount=\"3\"  header_id=\"header-1739829680261\" id=\"header-1739829680261\" style=\"\" class=\"accordions-head head1739829680261 border-none\" toggle-text=\"\" main-text=\"Quais s\u00e3o os elementos essenciais da den\u00fancia\">\n                                            <span id=\"accordion-icons-1739829680261\" class=\"accordion-icons\">\n                            <span class=\"accordion-icon-active accordion-plus\"><i class=\"fas fa-chevron-up\"><\/i><\/span>\n                            <span class=\"accordion-icon-inactive accordion-minus\"><i class=\"fas fa-chevron-right\"><\/i><\/span>\n                        <\/span>\n                        <span id=\"header-text-1739829680261\" class=\"accordions-head-title\">Quais s\u00e3o os elementos essenciais da den\u00fancia<\/span>\n                                    <\/div>\n                <div class=\"accordion-content content1739829680261 \">\n                    <p style=\"text-align: justify;\">A den\u00fancia deve assegurar essencialmente os seguintes elementos:<br \/>\n1. Uma breve, objetiva e clara descri\u00e7\u00e3o dos factos objeto da den\u00fancia;<br \/>\n2. Indica\u00e7\u00e3o dos locais e datas de ocorr\u00eancia dos factos;<br \/>\n3. Quem est\u00e1 envolvido nos factos com indica\u00e7\u00e3o da(s) identidade(s) e fun\u00e7\u00f5es das pessoas envolvidas por suspei\u00e7\u00e3o ou autoria e quem mais conhece os factos (potenciais testemunhas);<br \/>\n4. Envio dos elementos de prova dos factos denunciados ou forma de os obter.<\/p>\n                <\/div>\n        \n                <div post_id=\"6477\" itemcount=\"4\"  header_id=\"header-1739829715405\" id=\"header-1739829715405\" style=\"\" class=\"accordions-head head1739829715405 border-none\" toggle-text=\"\" main-text=\"Tratamento da den\u00fancia apresentada\">\n                                            <span id=\"accordion-icons-1739829715405\" class=\"accordion-icons\">\n                            <span class=\"accordion-icon-active accordion-plus\"><i class=\"fas fa-chevron-up\"><\/i><\/span>\n                            <span class=\"accordion-icon-inactive accordion-minus\"><i class=\"fas fa-chevron-right\"><\/i><\/span>\n                        <\/span>\n                        <span id=\"header-text-1739829715405\" class=\"accordions-head-title\">Tratamento da den\u00fancia apresentada<\/span>\n                                    <\/div>\n                <div class=\"accordion-content content1739829715405 \">\n                    <p style=\"text-align: justify;\">As den\u00fancias apresentadas ser\u00e3o objeto de an\u00e1lise t\u00e9cnica pelo gestor do canal de den\u00fancias que poder\u00e1:<br \/>\n1. Arquivar por aus\u00eancia de il\u00edcito ou falta de elementos de prova que permitam o prosseguimento da investiga\u00e7\u00e3o;<br \/>\n2. Encaminhar a den\u00fancia para departamento interno ou para entidades externas competentes (administrativas, de investiga\u00e7\u00e3o ou judiciais);<\/p>\n                <\/div>\n        \n                <div post_id=\"6477\" itemcount=\"5\"  header_id=\"header-1739829805588\" id=\"header-1739829805588\" style=\"\" class=\"accordions-head head1739829805588 border-none\" toggle-text=\"\" main-text=\"Que prote\u00e7\u00e3o \u00e9 concedida ao denunciante\">\n                                            <span id=\"accordion-icons-1739829805588\" class=\"accordion-icons\">\n                            <span class=\"accordion-icon-active accordion-plus\"><i class=\"fas fa-chevron-up\"><\/i><\/span>\n                            <span class=\"accordion-icon-inactive accordion-minus\"><i class=\"fas fa-chevron-right\"><\/i><\/span>\n                        <\/span>\n                        <span id=\"header-text-1739829805588\" class=\"accordions-head-title\">Que prote\u00e7\u00e3o \u00e9 concedida ao denunciante<\/span>\n                                    <\/div>\n                <div class=\"accordion-content content1739829805588 \">\n                    <p style=\"text-align: justify;\">A confidencialidade sobre a identidade do denunciante \u00e9 garantida, nos termos do artigo 18.\u00ba da Lei n.\u00ba 93\/2021, de 20 de dezembro, salvo obriga\u00e7\u00e3o legal ou decis\u00e3o judicial.<br \/>\nNo tratamento dos dados pessoais do denunciante ser\u00e1 observado o disposto no artigo 19.\u00ba da Lei n.\u00ba 93\/2021, de 20 de dezembro.<br \/>\nO denunciante beneficia das medidas de prote\u00e7\u00e3o e de apoio e, bem assim, das garantias previstas, respetivamente, nos artigos 22.\u00ba e 23.\u00ba da Lei n.\u00ba 93\/2021, de 20 de dezembro.<br \/>\nO denunciante beneficia ainda do regime de responsabilidade previsto no artigo 24.\u00ba da Lei n.\u00ba 93\/2021, de 20 de dezembro.<\/p>\n                <\/div>\n        \n                <div post_id=\"6477\" itemcount=\"6\"  header_id=\"header-1739829831432\" id=\"header-1739829831432\" style=\"\" class=\"accordions-head head1739829831432 border-none\" toggle-text=\"\" main-text=\"Direitos e deveres do\/a Denunciante\">\n                                            <span id=\"accordion-icons-1739829831432\" class=\"accordion-icons\">\n                            <span class=\"accordion-icon-active accordion-plus\"><i class=\"fas fa-chevron-up\"><\/i><\/span>\n                            <span class=\"accordion-icon-inactive accordion-minus\"><i class=\"fas fa-chevron-right\"><\/i><\/span>\n                        <\/span>\n                        <span id=\"header-text-1739829831432\" class=\"accordions-head-title\">Direitos e deveres do\/a Denunciante<\/span>\n                                    <\/div>\n                <div class=\"accordion-content content1739829831432 \">\n                    <p style=\"text-align: justify;\">Atrav\u00e9s deste canal pode partilhar de forma an\u00f3nima e\/ou confidencial o seu conhecimento ou suspeita de uma irregularidade, ilegalidade ou pr\u00e1tica de um crime na sua organiza\u00e7\u00e3o.<\/p>\n<p style=\"text-align: justify;\">Encorajamos a den\u00fancia de todos os factos ou situa\u00e7\u00f5es irregulares, ilegais ou il\u00edcitas pois representam um dever \u00e9tico, profissional e de cidadania, valores importantes desta organiza\u00e7\u00e3o. Desta forma, est\u00e1 a contribuir para que a organiza\u00e7\u00e3o se torne mais segura, justa e transparente.<\/p>\n<p style=\"text-align: justify;\">Todos\/as os\/as utilizadores\/as deste canal est\u00e3o protegidos\/as por lei, proibindo qualquer tipo de retalia\u00e7\u00e3o, assegurando o anonimato (quando desejado) e\/ou a confidencialidade. A seguran\u00e7a da informa\u00e7\u00e3o partilhada \u00e9 garantida e s\u00f3 as pessoas exclusivamente designadas pela organiza\u00e7\u00e3o e previstas por lei ter\u00e3o acesso \u00e0 mesma.<\/p>\n<p style=\"text-align: justify;\">As den\u00fancias devem ser efetuadas de boa-f\u00e9. A utiliza\u00e7\u00e3o indevida e\/ou a presta\u00e7\u00e3o de declara\u00e7\u00f5es falsas \u00e9 grave e compromete o prop\u00f3sito deste canal, podendo resultar em san\u00e7\u00f5es.<\/p>\n<p style=\"text-align: justify;\">Recomendamos que aceda regularmente ao seu registo, para verificar o estado do mesmo ou para prestar algum tipo de esclarecimento que seja solicitado pelo\/a gestor\/a de den\u00fancias.<\/p>\n<p style=\"text-align: justify;\">Se entender disponibilizar algum dado pessoal, que permita a sua identifica\u00e7\u00e3o, poder\u00e1 posteriormente exercer os seus direitos de prote\u00e7\u00e3o de dados. Informe-se sobre a Pol\u00edtica de Privacidade desta organiza\u00e7\u00e3o.<\/p>\n<p style=\"text-align: justify;\">Caso tenha motivos razo\u00e1veis para crer que a den\u00fancia n\u00e3o pode ser corretamente analisada ou resolvida dentro da organiza\u00e7\u00e3o, ou que existe risco de retalia\u00e7\u00e3o, pode recorrer a canais alternativos nomeadamente contatar as Autoridades Competentes para o efeito.<\/p>\n                <\/div>\n            <\/div>\n\n\n    \n                <\/div>\n<table style=\"border-collapse: collapse; width: 100%; height: 195px;\">\n<tbody>\n<tr style=\"height: 95px;\">\n<td style=\"width: 5.9724%; height: 95px;\"><img decoding=\"async\" class=\"alignleft wp-image-807\" src=\"http:\/\/www.eb23caiderei.pt\/site\/wp-content\/uploads\/2019\/09\/seta.png\" alt=\"\" width=\"50\" height=\"41\" srcset=\"http:\/\/www.eb23caiderei.pt\/site\/wp-content\/uploads\/2019\/09\/seta.png 6135w, http:\/\/www.eb23caiderei.pt\/site\/wp-content\/uploads\/2019\/09\/seta-300x250.png 300w, http:\/\/www.eb23caiderei.pt\/site\/wp-content\/uploads\/2019\/09\/seta-768x635.png 768w, http:\/\/www.eb23caiderei.pt\/site\/wp-content\/uploads\/2019\/09\/seta-1024x846.png 1024w, http:\/\/www.eb23caiderei.pt\/site\/wp-content\/uploads\/2019\/09\/seta-110x91.png 110w, http:\/\/www.eb23caiderei.pt\/site\/wp-content\/uploads\/2019\/09\/seta-420x347.png 420w, http:\/\/www.eb23caiderei.pt\/site\/wp-content\/uploads\/2019\/09\/seta-520x430.png 520w\" sizes=\"(max-width: 50px) 100vw, 50px\" \/><\/td>\n<td style=\"width: 94.0276%; height: 95px;\"><a href=\"https:\/\/eb23caiderei.pt\/Docs\/Ano\/Plano_cor_infra_AELE.pdf\" target=\"_blank\" rel=\"noopener\">Aceder ao Plano de Gest\u00e3o de Riscos de Corrup\u00e7\u00e3o e Infra\u00e7\u00f5es Conexas<\/a><\/td>\n<\/tr>\n<tr>\n<td style=\"width: 5.9724%;\"><img decoding=\"async\" class=\"alignleft wp-image-807\" src=\"http:\/\/www.eb23caiderei.pt\/site\/wp-content\/uploads\/2019\/09\/seta.png\" alt=\"\" width=\"50\" height=\"41\" srcset=\"http:\/\/www.eb23caiderei.pt\/site\/wp-content\/uploads\/2019\/09\/seta.png 6135w, http:\/\/www.eb23caiderei.pt\/site\/wp-content\/uploads\/2019\/09\/seta-300x250.png 300w, http:\/\/www.eb23caiderei.pt\/site\/wp-content\/uploads\/2019\/09\/seta-768x635.png 768w, http:\/\/www.eb23caiderei.pt\/site\/wp-content\/uploads\/2019\/09\/seta-1024x846.png 1024w, http:\/\/www.eb23caiderei.pt\/site\/wp-content\/uploads\/2019\/09\/seta-110x91.png 110w, http:\/\/www.eb23caiderei.pt\/site\/wp-content\/uploads\/2019\/09\/seta-420x347.png 420w, http:\/\/www.eb23caiderei.pt\/site\/wp-content\/uploads\/2019\/09\/seta-520x430.png 520w\" sizes=\"(max-width: 50px) 100vw, 50px\" \/><\/td>\n<td style=\"width: 94.0276%;\"><a href=\"https:\/\/eb23caiderei.pt\/Docs\/Ano\/24_25\/codigoeticaconduta.pdf\" target=\"_blank\" rel=\"noopener\">Aceder ao C\u00f3digo de \u00c9tica e Conduta<\/a><\/td>\n<\/tr>\n<tr style=\"height: 100px;\">\n<td style=\"width: 5.9724%; height: 100px;\"><\/td>\n<td style=\"width: 94.0276%; height: 100px;\"><a href=\"https:\/\/docs.google.com\/forms\/d\/e\/1FAIpQLScraZCZCcN60eb8zldBFzID8K-4RWLjL4PFK2XSvTqmn-2joA\/viewform\" target=\"_blank\" rel=\"noopener\"><img decoding=\"async\" class=\"size-full wp-image-6488 aligncenter\" src=\"http:\/\/www.eb23caiderei.pt\/site\/wp-content\/uploads\/2025\/02\/botao2.png\" alt=\"\" width=\"320\" height=\"100\" srcset=\"http:\/\/www.eb23caiderei.pt\/site\/wp-content\/uploads\/2025\/02\/botao2.png 320w, http:\/\/www.eb23caiderei.pt\/site\/wp-content\/uploads\/2025\/02\/botao2-300x94.png 300w, http:\/\/www.eb23caiderei.pt\/site\/wp-content\/uploads\/2025\/02\/botao2-110x34.png 110w\" sizes=\"(max-width: 320px) 100vw, 320px\" \/><\/a><\/td>\n<\/tr>\n<\/tbody>\n<\/table>\n","protected":false},"excerpt":{"rendered":"<p>Aceder ao Plano de Gest\u00e3o de Riscos de Corrup\u00e7\u00e3o e Infra\u00e7\u00f5es Conexas Aceder ao C\u00f3digo de \u00c9tica e Conduta<\/p>\n","protected":false},"author":1,"featured_media":0,"parent":0,"menu_order":0,"comment_status":"closed","ping_status":"closed","template":"","meta":{"_acf_changed":false,"footnotes":""},"acf":[],"jetpack_sharing_enabled":true,"_links":{"self":[{"href":"http:\/\/www.eb23caiderei.pt\/site\/index.php?rest_route=\/wp\/v2\/pages\/6475"}],"collection":[{"href":"http:\/\/www.eb23caiderei.pt\/site\/index.php?rest_route=\/wp\/v2\/pages"}],"about":[{"href":"http:\/\/www.eb23caiderei.pt\/site\/index.php?rest_route=\/wp\/v2\/types\/page"}],"author":[{"embeddable":true,"href":"http:\/\/www.eb23caiderei.pt\/site\/index.php?rest_route=\/wp\/v2\/users\/1"}],"replies":[{"embeddable":true,"href":"http:\/\/www.eb23caiderei.pt\/site\/index.php?rest_route=%2Fwp%2Fv2%2Fcomments&post=6475"}],"version-history":[{"count":14,"href":"http:\/\/www.eb23caiderei.pt\/site\/index.php?rest_route=\/wp\/v2\/pages\/6475\/revisions"}],"predecessor-version":[{"id":6800,"href":"http:\/\/www.eb23caiderei.pt\/site\/index.php?rest_route=\/wp\/v2\/pages\/6475\/revisions\/6800"}],"wp:attachment":[{"href":"http:\/\/www.eb23caiderei.pt\/site\/index.php?rest_route=%2Fwp%2Fv2%2Fmedia&parent=6475"}],"curies":[{"name":"wp","href":"https:\/\/api.w.org\/{rel}","templated":true}]}}