{"id":6451,"date":"2025-02-15T17:14:30","date_gmt":"2025-02-15T17:14:30","guid":{"rendered":"http:\/\/www.eb23caiderei.pt\/site\/?page_id=6451"},"modified":"2025-02-16T21:23:32","modified_gmt":"2025-02-16T21:23:32","slug":"requisicao-de-equipamentos-do-led","status":"publish","type":"page","link":"http:\/\/www.eb23caiderei.pt\/site\/?page_id=6451","title":{"rendered":"Requisi\u00e7\u00e3o de Equipamentos do LED"},"content":{"rendered":"\r\n<p><img decoding=\"async\" class=\"wp-image-807  alignnone\" src=\"http:\/\/www.eb23caiderei.pt\/site\/wp-content\/uploads\/2019\/09\/seta.png\" alt=\"\" width=\"44\" height=\"36\" srcset=\"http:\/\/www.eb23caiderei.pt\/site\/wp-content\/uploads\/2019\/09\/seta.png 6135w, http:\/\/www.eb23caiderei.pt\/site\/wp-content\/uploads\/2019\/09\/seta-300x250.png 300w, http:\/\/www.eb23caiderei.pt\/site\/wp-content\/uploads\/2019\/09\/seta-768x635.png 768w, http:\/\/www.eb23caiderei.pt\/site\/wp-content\/uploads\/2019\/09\/seta-1024x846.png 1024w, http:\/\/www.eb23caiderei.pt\/site\/wp-content\/uploads\/2019\/09\/seta-110x91.png 110w, http:\/\/www.eb23caiderei.pt\/site\/wp-content\/uploads\/2019\/09\/seta-420x347.png 420w, http:\/\/www.eb23caiderei.pt\/site\/wp-content\/uploads\/2019\/09\/seta-520x430.png 520w\" sizes=\"(max-width: 44px) 100vw, 44px\" \/> <span style=\"font-size: 14pt;\"><strong>Clique para <\/strong><\/span><a href=\"https:\/\/forms.gle\/i18zrejVo6949Gfr5\" target=\"_blank\" rel=\"noopener\"><strong><span style=\"font-size: 14pt;\">Efetuar a Reserva<\/span><\/strong><\/a>\u00a0<span style=\"font-size: 8pt;\"> (Dever\u00e1 iniciar sess\u00e3o com o email institucional)<\/span><\/p>\r\n<p><strong><span style=\"text-decoration: underline;\">Notas<\/span><\/strong>:<br \/>Na folha em baixo, deve verificar se o equipamento j\u00e1 se encontra requisitado;<br \/>Deve tamb\u00e9m verificar se o Laborat\u00f3rio se encontra ocupado. <a href=\"http:\/\/www.eb23caiderei.pt\/site\/?page_id=6437\" target=\"_blank\" rel=\"noopener\">Aqui<\/a>.<\/p>\r\n<p><iframe src=\"https:\/\/docs.google.com\/spreadsheets\/d\/1Aq293RYuwpm4RHrDjuA-Igw6RB0QDgDuXk62idfyap0\/edit?usp=sharing\" width=\"100%\" height=\"900\"><\/iframe><\/p>\r\n<p><\/p>","protected":false},"excerpt":{"rendered":"<p>Clique para Efetuar a Reserva\u00a0 (Dever\u00e1 iniciar sess\u00e3o com o email institucional) Notas:Na folha em baixo, deve verificar se o equipamento j\u00e1 se encontra requisitado;Deve tamb\u00e9m verificar se o Laborat\u00f3rio se encontra ocupado. Aqui.<\/p>\n","protected":false},"author":1,"featured_media":0,"parent":0,"menu_order":0,"comment_status":"closed","ping_status":"closed","template":"","meta":{"_acf_changed":false,"footnotes":""},"acf":[],"jetpack_sharing_enabled":true,"_links":{"self":[{"href":"http:\/\/www.eb23caiderei.pt\/site\/index.php?rest_route=\/wp\/v2\/pages\/6451"}],"collection":[{"href":"http:\/\/www.eb23caiderei.pt\/site\/index.php?rest_route=\/wp\/v2\/pages"}],"about":[{"href":"http:\/\/www.eb23caiderei.pt\/site\/index.php?rest_route=\/wp\/v2\/types\/page"}],"author":[{"embeddable":true,"href":"http:\/\/www.eb23caiderei.pt\/site\/index.php?rest_route=\/wp\/v2\/users\/1"}],"replies":[{"embeddable":true,"href":"http:\/\/www.eb23caiderei.pt\/site\/index.php?rest_route=%2Fwp%2Fv2%2Fcomments&post=6451"}],"version-history":[{"count":15,"href":"http:\/\/www.eb23caiderei.pt\/site\/index.php?rest_route=\/wp\/v2\/pages\/6451\/revisions"}],"predecessor-version":[{"id":6469,"href":"http:\/\/www.eb23caiderei.pt\/site\/index.php?rest_route=\/wp\/v2\/pages\/6451\/revisions\/6469"}],"wp:attachment":[{"href":"http:\/\/www.eb23caiderei.pt\/site\/index.php?rest_route=%2Fwp%2Fv2%2Fmedia&parent=6451"}],"curies":[{"name":"wp","href":"https:\/\/api.w.org\/{rel}","templated":true}]}}