{"id":6437,"date":"2025-02-15T16:06:41","date_gmt":"2025-02-15T16:06:41","guid":{"rendered":"http:\/\/www.eb23caiderei.pt\/site\/?page_id=6437"},"modified":"2025-03-26T13:15:12","modified_gmt":"2025-03-26T13:15:12","slug":"requisicao-led","status":"publish","type":"page","link":"http:\/\/www.eb23caiderei.pt\/site\/?page_id=6437","title":{"rendered":"Requisi\u00e7\u00e3o LED"},"content":{"rendered":"<blockquote><p><strong>Para simplifica\u00e7\u00e3o da reserva, dever\u00e1 iniciar sess\u00e3o com o email institucional<\/strong>. Entre no seu email institucional, aceda novamente a esta p\u00e1gina e alguns dos campos j\u00e1 ir\u00e3o surgir preenchidos.<\/p><\/blockquote>\n<p>Deve ainda verificar <a href=\"http:\/\/www.eb23caiderei.pt\/site\/?page_id=6451\" target=\"_blank\" rel=\"noopener\">AQUI<\/a>, se algum dos equipamentos est\u00e1 requisitado para esse dia.<\/p>\n<p><!-- Google Calendar Appointment Scheduling begin --><iframe src=\"https:\/\/calendar.google.com\/calendar\/appointments\/schedules\/AcZssZ1fZxmiWLLFiU0jieJLsrtnA_J9qc9cW_rQFc34GhuHhGlGwL-3PxEGGLy37h47Vxd5vCQCSoSN?gv=true\" width=\"100%\" height=\"600\" frameborder=\"0\"><\/iframe><\/p>\n<p>&nbsp;<\/p>\n<p><iframe src=\"https:\/\/calendar.google.com\/calendar\/embed?height=600&amp;wkst=2&amp;ctz=Europe%2FLisbon&amp;showPrint=0&amp;hl=pt_PT&amp;title=Ocupa%C3%A7%C3%A3o%20Sala%20LED&amp;src=Y18xOWZkYTA4ZGE1MGQ4NzE1YzU5ZGRhZTBlNjc0Mzg4MjUzNjI4Njk4MTA1ZTIwMWQ2MjE1ZjAzZjc0OWQ1YzBiQGdyb3VwLmNhbGVuZGFyLmdvb2dsZS5jb20&amp;color=%237986CB\" width=\"800\" height=\"600\" frameborder=\"0\"><\/iframe><\/p>\n","protected":false},"excerpt":{"rendered":"<p>Para simplifica\u00e7\u00e3o da reserva, dever\u00e1 iniciar sess\u00e3o com o email institucional. Entre no seu email institucional, aceda novamente a esta p\u00e1gina e alguns dos campos j\u00e1 ir\u00e3o surgir preenchidos. Deve ainda verificar AQUI, se algum dos equipamentos est\u00e1 requisitado para esse dia. &nbsp;<\/p>\n","protected":false},"author":1,"featured_media":0,"parent":0,"menu_order":0,"comment_status":"closed","ping_status":"closed","template":"","meta":{"_acf_changed":false,"footnotes":""},"acf":[],"jetpack_sharing_enabled":true,"_links":{"self":[{"href":"http:\/\/www.eb23caiderei.pt\/site\/index.php?rest_route=\/wp\/v2\/pages\/6437"}],"collection":[{"href":"http:\/\/www.eb23caiderei.pt\/site\/index.php?rest_route=\/wp\/v2\/pages"}],"about":[{"href":"http:\/\/www.eb23caiderei.pt\/site\/index.php?rest_route=\/wp\/v2\/types\/page"}],"author":[{"embeddable":true,"href":"http:\/\/www.eb23caiderei.pt\/site\/index.php?rest_route=\/wp\/v2\/users\/1"}],"replies":[{"embeddable":true,"href":"http:\/\/www.eb23caiderei.pt\/site\/index.php?rest_route=%2Fwp%2Fv2%2Fcomments&post=6437"}],"version-history":[{"count":12,"href":"http:\/\/www.eb23caiderei.pt\/site\/index.php?rest_route=\/wp\/v2\/pages\/6437\/revisions"}],"predecessor-version":[{"id":6628,"href":"http:\/\/www.eb23caiderei.pt\/site\/index.php?rest_route=\/wp\/v2\/pages\/6437\/revisions\/6628"}],"wp:attachment":[{"href":"http:\/\/www.eb23caiderei.pt\/site\/index.php?rest_route=%2Fwp%2Fv2%2Fmedia&parent=6437"}],"curies":[{"name":"wp","href":"https:\/\/api.w.org\/{rel}","templated":true}]}}