{"id":553,"date":"2019-07-26T15:31:00","date_gmt":"2019-07-26T15:31:00","guid":{"rendered":"http:\/\/www.eb23caiderei.pt\/site\/?page_id=553"},"modified":"2024-09-24T17:24:52","modified_gmt":"2024-09-24T17:24:52","slug":"servicos-administrativos","status":"publish","type":"page","link":"http:\/\/www.eb23caiderei.pt\/site\/?page_id=553","title":{"rendered":"Servi\u00e7os Administrativos"},"content":{"rendered":"\t\t<div data-elementor-type=\"wp-page\" data-elementor-id=\"553\" class=\"elementor elementor-553\">\n\t\t\t\t\t\t<section class=\"elementor-section elementor-top-section elementor-element elementor-element-2cf5d0ce elementor-section-boxed elementor-section-height-default elementor-section-height-default\" data-id=\"2cf5d0ce\" data-element_type=\"section\">\n\t\t\t\t\t\t<div class=\"elementor-container elementor-column-gap-default\">\n\t\t\t\t\t<div class=\"elementor-column elementor-col-100 elementor-top-column elementor-element elementor-element-716f1f70\" data-id=\"716f1f70\" data-element_type=\"column\">\n\t\t\t<div class=\"elementor-widget-wrap elementor-element-populated\">\n\t\t\t\t\t\t<div class=\"elementor-element elementor-element-2d500a21 elementor-widget elementor-widget-text-editor\" data-id=\"2d500a21\" data-element_type=\"widget\" data-widget_type=\"text-editor.default\">\n\t\t\t\t<div class=\"elementor-widget-container\">\n\t\t\t\t\t\t\t<p><!-- wp:tadv\/classic-paragraph --><\/p>\n<table style=\"width: 100%; border-collapse: collapse;\">\n<tbody>\n<tr>\n<td style=\"width: 27.2414%;\"><img decoding=\"async\" src=\"http:\/\/www.eb23caiderei.pt\/site\/wp-content\/uploads\/2019\/07\/stamp-150x150.png\" alt=\"\" width=\"150\" height=\"150\" \/><\/td>\n<td style=\"width: 72.7586%;\">\n<p>Os servi\u00e7os administrativos (secretaria) processam todas as tarefas de car\u00e1cter administrativo da escola.<\/p>\n<p>Telefone: 255 821 020<br \/>Email: sa@eb23caiderei.pt<\/p>\n<p><strong>Hor\u00e1rio de Funcionamento<\/strong>:<\/p>\n<p>&#8211; segunda a sexta (exceto quarta-feira):<\/p>\n<ul>\n<li>09h00 &#8211; 16h30<\/li>\n<\/ul>\n<div>\u00a0<\/div>\n<div>\n<p>&#8211; quarta-feira:<\/p>\n<ul>\n<li>9h00 &#8211; 18h30<\/li>\n<\/ul>\n<\/div>\n<\/td>\n<\/tr>\n<\/tbody>\n<\/table>\n<p><!-- \/wp:tadv\/classic-paragraph --><\/p>\t\t\t\t\t\t<\/div>\n\t\t\t\t<\/div>\n\t\t\t\t\t<\/div>\n\t\t<\/div>\n\t\t\t\t\t<\/div>\n\t\t<\/section>\n\t\t\t\t<\/div>\n\t\t","protected":false},"excerpt":{"rendered":"<p>Os servi\u00e7os administrativos (secretaria) processam todas as tarefas de car\u00e1cter administrativo da escola. Telefone: 255 821 020Email: sa@eb23caiderei.pt Hor\u00e1rio de Funcionamento: &#8211; segunda a sexta (exceto quarta-feira): 09h00 &#8211; 16h30 \u00a0 &#8211; quarta-feira: 9h00 &#8211; 18h30<\/p>\n","protected":false},"author":1,"featured_media":0,"parent":0,"menu_order":0,"comment_status":"closed","ping_status":"closed","template":"","meta":{"_acf_changed":false,"footnotes":""},"acf":[],"jetpack_sharing_enabled":true,"_links":{"self":[{"href":"http:\/\/www.eb23caiderei.pt\/site\/index.php?rest_route=\/wp\/v2\/pages\/553"}],"collection":[{"href":"http:\/\/www.eb23caiderei.pt\/site\/index.php?rest_route=\/wp\/v2\/pages"}],"about":[{"href":"http:\/\/www.eb23caiderei.pt\/site\/index.php?rest_route=\/wp\/v2\/types\/page"}],"author":[{"embeddable":true,"href":"http:\/\/www.eb23caiderei.pt\/site\/index.php?rest_route=\/wp\/v2\/users\/1"}],"replies":[{"embeddable":true,"href":"http:\/\/www.eb23caiderei.pt\/site\/index.php?rest_route=%2Fwp%2Fv2%2Fcomments&post=553"}],"version-history":[{"count":6,"href":"http:\/\/www.eb23caiderei.pt\/site\/index.php?rest_route=\/wp\/v2\/pages\/553\/revisions"}],"predecessor-version":[{"id":5888,"href":"http:\/\/www.eb23caiderei.pt\/site\/index.php?rest_route=\/wp\/v2\/pages\/553\/revisions\/5888"}],"wp:attachment":[{"href":"http:\/\/www.eb23caiderei.pt\/site\/index.php?rest_route=%2Fwp%2Fv2%2Fmedia&parent=553"}],"curies":[{"name":"wp","href":"https:\/\/api.w.org\/{rel}","templated":true}]}}