{"id":531,"date":"2019-07-25T16:34:20","date_gmt":"2019-07-25T16:34:20","guid":{"rendered":"http:\/\/www.eb23caiderei.pt\/site\/?page_id=531"},"modified":"2025-05-05T16:09:11","modified_gmt":"2025-05-05T16:09:11","slug":"cantina","status":"publish","type":"page","link":"http:\/\/www.eb23caiderei.pt\/site\/?page_id=531","title":{"rendered":"Cantina Escola Sede"},"content":{"rendered":"\r\n<table class=\" aligncenter\" style=\"width: 100%; border-collapse: collapse;\">\r\n<tbody>\r\n<tr>\r\n<td style=\"width: 27.2414%;\"><img decoding=\"async\" class=\"size-full wp-image-534 alignleft\" src=\"http:\/\/www.eb23caiderei.pt\/site\/wp-content\/uploads\/2019\/07\/cantina2.jpg\" alt=\"\" width=\"150\" height=\"117\" srcset=\"http:\/\/www.eb23caiderei.pt\/site\/wp-content\/uploads\/2019\/07\/cantina2.jpg 150w, http:\/\/www.eb23caiderei.pt\/site\/wp-content\/uploads\/2019\/07\/cantina2-110x86.jpg 110w\" sizes=\"(max-width: 150px) 100vw, 150px\" \/><\/td>\r\n<td style=\"width: 72.7586%;\">\r\n<p>Lembramos que podem sempre consultar as ementas da nossa cantina na p\u00e1gina da escola.<br \/>Defenda uma alimenta\u00e7\u00e3o saud\u00e1vel!<\/p>\r\n<p><span style=\"text-decoration: underline;\">Hor\u00e1rio de Funcionamento<\/span>:<br \/>segunda a sexta, exceto feriados:<\/p>\r\n<ul>\r\n<li>12:00 h &#8211; 14:00 h<\/li>\r\n<\/ul>\r\n<\/td>\r\n<\/tr>\r\n<\/tbody>\r\n<\/table>\r\n\r\n\r\n\r\n<p><iframe src=\"https:\/\/www.eb23caiderei.pt\/Docs\/ementa1.pdf\" width=\"100%\" height=\"1000\"><\/iframe><\/p>\r\n","protected":false},"excerpt":{"rendered":"<p>Lembramos que podem sempre consultar as ementas da nossa cantina na p\u00e1gina da escola.Defenda uma alimenta\u00e7\u00e3o saud\u00e1vel! Hor\u00e1rio de Funcionamento:segunda a sexta, exceto feriados: 12:00 h &#8211; 14:00 h<\/p>\n","protected":false},"author":1,"featured_media":0,"parent":0,"menu_order":0,"comment_status":"closed","ping_status":"closed","template":"","meta":{"_acf_changed":false,"footnotes":""},"acf":[],"jetpack_sharing_enabled":true,"_links":{"self":[{"href":"http:\/\/www.eb23caiderei.pt\/site\/index.php?rest_route=\/wp\/v2\/pages\/531"}],"collection":[{"href":"http:\/\/www.eb23caiderei.pt\/site\/index.php?rest_route=\/wp\/v2\/pages"}],"about":[{"href":"http:\/\/www.eb23caiderei.pt\/site\/index.php?rest_route=\/wp\/v2\/types\/page"}],"author":[{"embeddable":true,"href":"http:\/\/www.eb23caiderei.pt\/site\/index.php?rest_route=\/wp\/v2\/users\/1"}],"replies":[{"embeddable":true,"href":"http:\/\/www.eb23caiderei.pt\/site\/index.php?rest_route=%2Fwp%2Fv2%2Fcomments&post=531"}],"version-history":[{"count":29,"href":"http:\/\/www.eb23caiderei.pt\/site\/index.php?rest_route=\/wp\/v2\/pages\/531\/revisions"}],"predecessor-version":[{"id":6786,"href":"http:\/\/www.eb23caiderei.pt\/site\/index.php?rest_route=\/wp\/v2\/pages\/531\/revisions\/6786"}],"wp:attachment":[{"href":"http:\/\/www.eb23caiderei.pt\/site\/index.php?rest_route=%2Fwp%2Fv2%2Fmedia&parent=531"}],"curies":[{"name":"wp","href":"https:\/\/api.w.org\/{rel}","templated":true}]}}