{"id":486,"date":"2019-07-17T16:39:52","date_gmt":"2019-07-17T16:39:52","guid":{"rendered":"http:\/\/www.eb23caiderei.pt\/site\/?page_id=486"},"modified":"2026-03-16T12:19:10","modified_gmt":"2026-03-16T12:19:10","slug":"exames-nacionais","status":"publish","type":"page","link":"http:\/\/www.eb23caiderei.pt\/site\/?page_id=486","title":{"rendered":"Provas ModA e Provas Finais"},"content":{"rendered":"<div class=\"sdm_download_item \"><div class=\"sdm_download_item_top\"><div class=\"sdm_download_thumbnail\"><img decoding=\"async\" class=\"sdm_download_thumbnail_image\" src=\"http:\/\/www.eb23caiderei.pt\/site\/wp-content\/uploads\/2019\/07\/writing.png\" alt = \"Guia Geral de Exames 2026\" \/><\/div><div class=\"sdm_download_title\">Guia Geral de Exames 2026<\/div><\/div><div style=\"clear:both;\"><\/div><div class=\"sdm_download_description\"><p>Guia Geral de Exames 2026<\/p>\n<\/div><div class=\"sdm_download_date\"><span class=\"sdm_download_date_label\">Published: <\/span><span class=\"sdm_download_date_value\">Mar\u00e7o 16, 2026<\/span><\/div><div class=\"sdm_download_link\"><span class=\"sdm_download_button\"><a href=\"http:\/\/www.eb23caiderei.pt\/site\/?sdm_process_download=1&download_id=7600\" class=\"sdm_download green\" title=\"Guia Geral de Exames 2026\" target=\"_self\">Download<\/a><\/span><span class=\"sdm_download_item_count\"><span class=\"sdm_item_count_number\">44<\/span><span class=\"sdm_item_count_string\"> Downloads<\/span><\/span><\/div><\/div><div class=\"sdm_clear_float\"><\/div>\n<div class=\"sdm_download_item \"><div class=\"sdm_download_item_top\"><div class=\"sdm_download_thumbnail\"><img decoding=\"async\" class=\"sdm_download_thumbnail_image\" src=\"http:\/\/www.eb23caiderei.pt\/site\/wp-content\/uploads\/2019\/07\/writing.png\" alt = \"NORMA 01\/JNE\/2026\" \/><\/div><div class=\"sdm_download_title\">NORMA 01\/JNE\/2026<\/div><\/div><div style=\"clear:both;\"><\/div><div class=\"sdm_download_description\"><p>NORMA 01\/JNE\/2026 \u2013 Instru\u00e7\u00f5es para a Inscri\u00e7\u00e3o nas Provas e Exames do Ensino B\u00e1sico e do Ensino Secund\u00e1rio<\/p>\n<\/div><div class=\"sdm_download_date\"><span class=\"sdm_download_date_label\">Published: <\/span><span class=\"sdm_download_date_value\">Mar\u00e7o 16, 2026<\/span><\/div><div class=\"sdm_download_link\"><span class=\"sdm_download_button\"><a href=\"http:\/\/www.eb23caiderei.pt\/site\/?sdm_process_download=1&download_id=7589\" class=\"sdm_download green\" title=\"NORMA 01\/JNE\/2026\" target=\"_self\">Download<\/a><\/span><span class=\"sdm_download_item_count\"><span class=\"sdm_item_count_number\">30<\/span><span class=\"sdm_item_count_string\"> Downloads<\/span><\/span><\/div><\/div><div class=\"sdm_clear_float\"><\/div>\n<div class=\"sdm_download_item \"><div class=\"sdm_download_item_top\"><div class=\"sdm_download_thumbnail\"><img decoding=\"async\" class=\"sdm_download_thumbnail_image\" src=\"http:\/\/www.eb23caiderei.pt\/site\/wp-content\/uploads\/2019\/07\/writing.png\" alt = \"Despacho Normativo n.\u00ba 3\/2026, de 23 de fevereiro\" \/><\/div><div class=\"sdm_download_title\">Despacho Normativo n.\u00ba 3\/2026, de 23 de fevereiro<\/div><\/div><div style=\"clear:both;\"><\/div><div class=\"sdm_download_description\"><p style=\"text-align: justify\">Aprova o Regulamento das Provas de Avalia\u00e7\u00e3o Externa e das Provas de Equival\u00eancia \u00e0 Frequ\u00eancia dos Ensinos B\u00e1sico e Secund\u00e1rio para os anos letivos de 2025-2026 a 2027-2028<\/p>\n<\/div><div class=\"sdm_download_date\"><span class=\"sdm_download_date_label\">Published: <\/span><span class=\"sdm_download_date_value\">Mar\u00e7o 16, 2026<\/span><\/div><div class=\"sdm_download_link\"><span class=\"sdm_download_button\"><a href=\"http:\/\/www.eb23caiderei.pt\/site\/?sdm_process_download=1&download_id=7593\" class=\"sdm_download green\" title=\"Despacho Normativo n.\u00ba 3\/2026, de 23 de fevereiro\" target=\"_self\">Download<\/a><\/span><span class=\"sdm_download_item_count\"><span class=\"sdm_item_count_number\">31<\/span><span class=\"sdm_item_count_string\"> Downloads<\/span><\/span><\/div><\/div><div class=\"sdm_clear_float\"><\/div>\n<div class=\"sdm_download_item \"><div class=\"sdm_download_item_top\"><div class=\"sdm_download_thumbnail\"><img decoding=\"async\" class=\"sdm_download_thumbnail_image\" src=\"http:\/\/www.eb23caiderei.pt\/site\/wp-content\/uploads\/2019\/07\/writing.png\" alt = \"Altera\u00e7\u00e3o ao calend\u00e1rio das Provas-Ensaio\" \/><\/div><div class=\"sdm_download_title\">Altera\u00e7\u00e3o ao calend\u00e1rio das Provas-Ensaio<\/div><\/div><div style=\"clear:both;\"><\/div><div class=\"sdm_download_description\"><p>Altera\u00e7\u00e3o ao calend\u00e1rio das Provas-Ensaio 2025-2026<\/p>\n<\/div><div class=\"sdm_download_date\"><span class=\"sdm_download_date_label\">Published: <\/span><span class=\"sdm_download_date_value\">Mar\u00e7o 16, 2026<\/span><\/div><div class=\"sdm_download_link\"><span class=\"sdm_download_button\"><a href=\"http:\/\/www.eb23caiderei.pt\/site\/?sdm_process_download=1&download_id=7596\" class=\"sdm_download green\" title=\"Altera\u00e7\u00e3o ao calend\u00e1rio das Provas-Ensaio\" target=\"_self\">Download<\/a><\/span><span class=\"sdm_download_item_count\"><span class=\"sdm_item_count_number\">22<\/span><span class=\"sdm_item_count_string\"> Downloads<\/span><\/span><\/div><\/div><div class=\"sdm_clear_float\"><\/div>\n<div class=\"sdm_download_item \"><div class=\"sdm_download_item_top\"><div class=\"sdm_download_thumbnail\"><\/div><div class=\"sdm_download_title\">Despacho n.\u00ba 14616-A\/2025, de 9 de dezembro<\/div><\/div><div style=\"clear:both;\"><\/div><div class=\"sdm_download_description\"><p style=\"text-align: justify\">Aprova o calend\u00e1rio, para o ano letivo de 2025-2026, das provas de Monitoriza\u00e7\u00e3o da Aprendizagem, das provas finais do ensino b\u00e1sico, das provas de equival\u00eancia \u00e0 frequ\u00eancia do ensino b\u00e1sico, dos exames finais nacionais do ensino secund\u00e1rio e das provas de equival\u00eancia \u00e0 frequ\u00eancia do ensino secund\u00e1rio.<\/p>\n<\/div><div class=\"sdm_download_date\"><span class=\"sdm_download_date_label\">Published: <\/span><span class=\"sdm_download_date_value\">Mar\u00e7o 16, 2026<\/span><\/div><div class=\"sdm_download_link\"><span class=\"sdm_download_button\"><a href=\"http:\/\/www.eb23caiderei.pt\/site\/?sdm_process_download=1&download_id=7598\" class=\"sdm_download green\" title=\"Despacho n.\u00ba 14616-A\/2025, de 9 de dezembro\" target=\"_self\">Download<\/a><\/span><span class=\"sdm_download_item_count\"><span class=\"sdm_item_count_number\">32<\/span><span class=\"sdm_item_count_string\"> Downloads<\/span><\/span><\/div><\/div><div class=\"sdm_clear_float\"><\/div>\n<p><!--[sdm_download id=\"6812\" fancy=\"1\"] [sdm_download id=\"6497\" fancy=\"1\"] [sdm_download id=\"6291\" fancy=\"1\"] [sdm_download id=\"6335\" fancy=\"1\"] [sdm_download id=\"6285\" fancy=\"1\"] --><\/p>\n","protected":false},"excerpt":{"rendered":"","protected":false},"author":1,"featured_media":0,"parent":0,"menu_order":0,"comment_status":"closed","ping_status":"closed","template":"","meta":{"_acf_changed":false,"footnotes":""},"acf":[],"jetpack_sharing_enabled":true,"_links":{"self":[{"href":"http:\/\/www.eb23caiderei.pt\/site\/index.php?rest_route=\/wp\/v2\/pages\/486"}],"collection":[{"href":"http:\/\/www.eb23caiderei.pt\/site\/index.php?rest_route=\/wp\/v2\/pages"}],"about":[{"href":"http:\/\/www.eb23caiderei.pt\/site\/index.php?rest_route=\/wp\/v2\/types\/page"}],"author":[{"embeddable":true,"href":"http:\/\/www.eb23caiderei.pt\/site\/index.php?rest_route=\/wp\/v2\/users\/1"}],"replies":[{"embeddable":true,"href":"http:\/\/www.eb23caiderei.pt\/site\/index.php?rest_route=%2Fwp%2Fv2%2Fcomments&post=486"}],"version-history":[{"count":36,"href":"http:\/\/www.eb23caiderei.pt\/site\/index.php?rest_route=\/wp\/v2\/pages\/486\/revisions"}],"predecessor-version":[{"id":7601,"href":"http:\/\/www.eb23caiderei.pt\/site\/index.php?rest_route=\/wp\/v2\/pages\/486\/revisions\/7601"}],"wp:attachment":[{"href":"http:\/\/www.eb23caiderei.pt\/site\/index.php?rest_route=%2Fwp%2Fv2%2Fmedia&parent=486"}],"curies":[{"name":"wp","href":"https:\/\/api.w.org\/{rel}","templated":true}]}}