{"id":454,"date":"2019-07-17T15:14:56","date_gmt":"2019-07-17T15:14:56","guid":{"rendered":"http:\/\/www.eb23caiderei.pt\/site\/?page_id=454"},"modified":"2024-02-26T19:32:42","modified_gmt":"2024-02-26T19:32:42","slug":"a-associacao-de-pais","status":"publish","type":"page","link":"http:\/\/www.eb23caiderei.pt\/site\/?page_id=454","title":{"rendered":"A Associa\u00e7\u00e3o de Pais"},"content":{"rendered":"<div class=\"rtbs  rtbs_associacao-de-pais\"><div class=\"rtbs_slug\" style=\"display:none\">associacao-de-pais<\/div><div class=\"rtbs_inactive_tab_background\" style=\"display:none\">whitesmoke<\/div><div class=\"rtbs_breakpoint\" style=\"display:none\">600<\/div><div class=\"rtbs_color\" style=\"display:none\">#81d742<\/div>\r\n        <div class=\"rtbs_menu\">\r\n            <ul>\r\n                <li class=\"mobile_toggle\">&zwnj;<\/li><li class=\"current\"><a style=\"background:#81d742\" class=\"active associacao-de-pais-tab-link-0\" href=\"#\" data-tab=\"#associacao-de-pais-tab-0\">Associa\u00e7\u00e3o<\/a><\/li><li><a href=\"#\" data-tab=\"#associacao-de-pais-tab-1\" class=\"associacao-de-pais-tab-link-1\">Org\u00e3o Sociais<\/a><\/li><li><a href=\"#\" data-tab=\"#associacao-de-pais-tab-2\" class=\"associacao-de-pais-tab-link-2\">Contactos<\/a><\/li>\r\n            <\/ul>\r\n        <\/div><div style=\"border-top:7px solid #81d742;\" id=\"associacao-de-pais-tab-0\" class=\"rtbs_content active\"><p style=\"text-align: justify\">Caros Pais\/Encarregados de Educa\u00e7\u00e3o<\/p>\n<p style=\"text-align: justify\">As Associa\u00e7\u00f5es de Pais s\u00e3o, sem d\u00favida, um parceiro estrat\u00e9gico para qualquer escola e fulcrais ao seu sucesso, tendo como objeto a promo\u00e7\u00e3o do bem-estar das crian\u00e7as e dos jovens<\/p>\n<p style=\"text-align: justify\">A APAVEL (Associa\u00e7\u00e3o de Pais e Encarregados de Educa\u00e7\u00e3o do Agrupamento Escolas Lousada Este) procura desempenhar o seu papel, tendo em vista contribuir para uma melhoria no ensino do nosso agrupamento, somos os primeiros a querer que a nossa escola inove e se diferencie.<\/p>\n<p style=\"text-align: justify\">Assumimos um papel ativo e participativo.<\/p>\n<p style=\"text-align: justify\">Mantemos contacto permanente com a Dire\u00e7\u00e3o do Agrupamento, estamos representados com quatro conselheiros em representa\u00e7\u00e3o dos Encarregados de Educa\u00e7\u00e3o no conselho Geral do Agrupamento.<\/p>\n<p style=\"text-align: justify\">Aos Pais e Encarregados de Educa\u00e7\u00e3o\u00a0\u2013\u00a0assiste o direito e o dever de participar no processo educativo dos seus educandos.<\/p>\n<p style=\"text-align: justify\">Colabore para que a Escola dos nossos Educandos seja um espa\u00e7o de ensino de qualidade, aprendizagem efetiva, forma\u00e7\u00e3o c\u00edvica, crescimento integral, bem-estar e prote\u00e7\u00e3o.<\/p>\n<blockquote>\n<p style=\"text-align: justify\">Estamos aqui para ajudar.<\/p>\n<\/blockquote>\n<h3>Torna-se S\u00f3cio atrav\u00e9s do Link<\/h3>\n<p><a href=\"https:\/\/forms.gle\/m1MNgHoj5bofM7667\">https:\/\/forms.gle\/m1MNgHoj5bofM7667<\/a><br \/>ou podes faz\u00ea-lo entregando uma folha ao Professor titular da turma ou Diretor de turma com os seguintes dados:<br \/>\u00b7 Nome Encarregado de Educa\u00e7\u00e3o<br \/>\u00b7 Morada<br \/>\u00b7 N\u00ba Contribuinte<br \/>\u00b7 Contactos \u2013 Telefone\/email<br \/>\u00b7 Nome do(a) aluno(a)<br \/>\u00b7 Data nascimento do(a) aluno(a)<br \/>\u00b7 Escola e ano que frequenta<br \/>Juntamente com o valor da inscri\u00e7\u00e3o ( cota anual 5\u20ac)<\/p>\n<div style=\"margin-top:30px; clear:both;\"><\/div><\/div><div style=\"border-top:7px solid #81d742;\" id=\"associacao-de-pais-tab-1\" class=\"rtbs_content\"><p><img fetchpriority=\"high\" decoding=\"async\" class=\"size-full wp-image-5192 aligncenter\" src=\"http:\/\/www.eb23caiderei.pt\/site\/wp-content\/uploads\/2024\/02\/apavel_2325.png\" alt=\"\" width=\"714\" height=\"1000\" srcset=\"http:\/\/www.eb23caiderei.pt\/site\/wp-content\/uploads\/2024\/02\/apavel_2325.png 714w, http:\/\/www.eb23caiderei.pt\/site\/wp-content\/uploads\/2024\/02\/apavel_2325-214x300.png 214w, http:\/\/www.eb23caiderei.pt\/site\/wp-content\/uploads\/2024\/02\/apavel_2325-79x110.png 79w, http:\/\/www.eb23caiderei.pt\/site\/wp-content\/uploads\/2024\/02\/apavel_2325-300x420.png 300w, http:\/\/www.eb23caiderei.pt\/site\/wp-content\/uploads\/2024\/02\/apavel_2325-307x430.png 307w\" sizes=\"(max-width: 714px) 100vw, 714px\" \/><\/p>\n<div style=\"margin-top:30px; clear:both;\"><\/div><\/div><div style=\"border-top:7px solid #81d742;\" id=\"associacao-de-pais-tab-2\" class=\"rtbs_content\"><h3>Associa\u00e7\u00e3o de Pais do Agrupamento de Escolas de Lousada Este<\/h3>\n<table style=\"width: 100%\">\n<tbody>\n<tr>\n<td style=\"width: 8.02139%\"><img decoding=\"async\" class=\"alignnone wp-image-229\" src=\"http:\/\/www.eb23caiderei.pt\/site\/wp-content\/uploads\/2019\/04\/home-150x150.png\" alt=\"\" width=\"50\" height=\"50\" srcset=\"http:\/\/www.eb23caiderei.pt\/site\/wp-content\/uploads\/2019\/04\/home-150x150.png 150w, http:\/\/www.eb23caiderei.pt\/site\/wp-content\/uploads\/2019\/04\/home-300x300.png 300w, http:\/\/www.eb23caiderei.pt\/site\/wp-content\/uploads\/2019\/04\/home-250x250.png 250w, http:\/\/www.eb23caiderei.pt\/site\/wp-content\/uploads\/2019\/04\/home-125x125.png 125w, http:\/\/www.eb23caiderei.pt\/site\/wp-content\/uploads\/2019\/04\/home-64x64.png 64w, http:\/\/www.eb23caiderei.pt\/site\/wp-content\/uploads\/2019\/04\/home-110x110.png 110w, http:\/\/www.eb23caiderei.pt\/site\/wp-content\/uploads\/2019\/04\/home-420x420.png 420w, http:\/\/www.eb23caiderei.pt\/site\/wp-content\/uploads\/2019\/04\/home-430x430.png 430w, http:\/\/www.eb23caiderei.pt\/site\/wp-content\/uploads\/2019\/04\/home.png 512w\" sizes=\"(max-width: 50px) 100vw, 50px\" \/><\/td>\n<td style=\"width: 35.4724%\">Rua do Mouro<br \/>4620-058 Ca\u00edde de Rei Lousada<\/td>\n<td style=\"width: 54.7237%;vertical-align: top\" rowspan=\"7\">\n<h3>Contacte-nos<\/h3>\n<p>\t\t\t<link rel=\"stylesheet\" property=\"stylesheet\" href=\"http:\/\/www.eb23caiderei.pt\/site\/wp-content\/plugins\/happyforms\/bundles\/css\/frontend.css\" \/>\n\t\t\t\t<!-- HappyForms CSS variables -->\n\t<style>\n\t#happyforms-5195 {\n\t\t--happyforms-part-title-font-size: 16px;\n--happyforms-part-description-font-size: 12px;\n--happyforms-part-value-font-size: 16px;\n--happyforms-submit-button-font-size: 16px;\n--happyforms-color-primary: #81d742;\n--happyforms-color-success-notice: #ebf9f0;\n--happyforms-color-success-notice-text: #1eb452;\n--happyforms-color-error: #f23000;\n--happyforms-color-error-notice: #ffeeea;\n--happyforms-color-error-notice-text: #f23000;\n--happyforms-color-part-title: #000000;\n--happyforms-color-part-value: #000000;\n--happyforms-color-part-placeholder: #888888;\n--happyforms-color-part-description: #454545;\n--happyforms-color-part-border: #dbdbdb;\n--happyforms-color-part-border-focus: #7aa4ff;\n--happyforms-color-part-background: #ffffff;\n--happyforms-color-part-background-focus: #ffffff;\n--happyforms-color-submit-background: #000000;\n--happyforms-color-submit-background-hover: #000000;\n--happyforms-color-submit-border: transparent;\n--happyforms-color-submit-text: #ffffff;\n--happyforms-color-submit-text-hover: #ffffff;\n--happyforms-color-table-row-odd: #fcfcfc;\n--happyforms-color-table-row-even: #efefef;\n--happyforms-color-table-row-odd-text: #000000;\n--happyforms-color-table-row-even-text: #000000;\n--happyforms-color-dropdown-item-bg: #ffffff;\n--happyforms-color-dropdown-item-text: #000000;\n--happyforms-color-dropdown-item-bg-hover: #f4f4f5;\n--happyforms-color-dropdown-item-text-hover: #000000;\n--happyforms-color-divider-hr: #cccccc;\n--happyforms-color-choice-checkmark-bg: #ffffff;\n--happyforms-color-choice-checkmark-bg-focus: #000000;\n--happyforms-color-choice-checkmark-color: #ffffff;\n\t}\n\t<\/style>\n\t<!-- End of HappyForms CSS variables -->\n\t\t<!-- HappyForms Additional CSS -->\n\t<style data-happyforms-additional-css>\n\t\t<\/style>\n\t<!-- End of HappyForms Additional CSS -->\n\t\t\t<link rel=\"stylesheet\" type=\"text\/css\" href=\"http:\/\/www.eb23caiderei.pt\/site\/wp-content\/plugins\/happyforms\/core\/assets\/css\/no-interaction.css\">\n\t\t<div class=\"happyforms-form happyforms-styles\" id=\"happyforms-5195\">\n\t\t\n\t<form action=\"\" id=\"happyforms-form-5195\" method=\"post\" novalidate=\"true\" autocomplete=\"off\">\n\t\t\t\t<input type=\"hidden\" name=\"happyforms_random_seed\" value=\"1660636691\" \/>\n\t\t\n\t\t\t<input type=\"hidden\" name=\"action\" value=\"happyforms_message\">\n\t\t\t\t<input type=\"hidden\" name=\"client_referer\" value=\"\">\n\t\t\t\t<input type=\"hidden\" name=\"current_post_id\" value=\"\">\n\t\t\t\t<input type=\"hidden\" name=\"happyforms_form_id\" value=\"5195\" \/>\n\t\t\t\t<input type=\"hidden\" name=\"happyforms_step\" value=\"0\" \/>\n\t\n\t\t<div class=\"happyforms-flex\">\n\t\t\t\t<input type=\"text\" name=\"5195-number\" style=\"position:absolute;left:-5000px;\" tabindex=\"-1\" autocomplete=\"off\" aria-hidden=\"true\"> <span class=\"screen-reader-text\">Leave this field blank<\/span>\n\t\t\t\t\t\t\t\t\t\t<div class=\"happyforms-form__part happyforms-part happyforms-part--single_line_text happyforms-part--width-full happyforms-part--label-show\" id=\"happyforms-5195_single_line_text_1-part\" data-happyforms-type=\"single_line_text\" data-happyforms-id=\"single_line_text_1\" data-happyforms-required=\"\">\n\t<div class=\"happyforms-part-wrap\">\n\t\t\n\t\t\t\t\t\t<div class=\"happyforms-part__label-container\">\n\t\t\t\t<label for=\"happyforms-5195_single_line_text_1\" class=\"happyforms-part__label\">\n\t\t\t<span class=\"label\">Nome<\/span>\n\t\t\t\t\t\t\t\t\t\t<span class=\"happyforms-required\"><\/span>\n\t\t\t\t\t\t\t\t\t\t<span class=\"happyforms-optional\">(optional)<\/span>\n\t\t\t\t\t<\/label>\n\t\t\t<\/div>\n\t\t\t\n\t\t\n\t\t<div class=\"happyforms-part__el\">\n\t\t\t\n\t\t\t\n\t\t\t<div class=\"happyforms-input\">\n\t\t\t\t\n\t\t\t\t<input id=\"happyforms-5195_single_line_text_1\" type=\"text\" name=\"5195_single_line_text_1\" value=\"\" placeholder=\"\" autocomplete=\"off\" spellcheck=\"false\"  autocorrect=\"off\" \/>\n\t\t\t\t\t\t\t<\/div>\n\n\t\t\t\n\t\t\t\n\t\t\t\t\t<\/div>\n\t<\/div>\n<\/div>\n<div class=\"happyforms-part--with-autocomplete happyforms-form__part happyforms-part happyforms-part--email happyforms-part--width-full happyforms-part--label-show\" id=\"happyforms-5195_email_2-part\" data-happyforms-type=\"email\" data-happyforms-id=\"email_2\" data-happyforms-required=\"\">\n\t\t<div class=\"happyforms-part-wrap\">\n\t\t\t\t\t\t<div class=\"happyforms-part__label-container\">\n\t\t\t\t<label for=\"happyforms-5195_email_2\" class=\"happyforms-part__label\">\n\t\t\t<span class=\"label\">Email<\/span>\n\t\t\t\t\t\t\t\t\t\t<span class=\"happyforms-required\"><\/span>\n\t\t\t\t\t\t\t\t\t\t<span class=\"happyforms-optional\">(optional)<\/span>\n\t\t\t\t\t<\/label>\n\t\t\t<\/div>\n\t\t\t\n\t\t\n\t\t<div class=\"happyforms-part__el\">\n\t\t\t\n\t\t\t\n\t\t\t<div class=\"happyforms-input\">\n\t\t\t\t<input type=\"email\" name=\"5195_email_2\" id=\"happyforms-5195_email_2\" value=\"\" placeholder=\"\" autocomplete=\"off\" spellcheck=\"false\"  autocorrect=\"off\" \/>\n\t\t\t\t\t\t\t<\/div>\n\n\t\t\t\n\t\t\t\n\t\t\t\t\t<\/div>\n\t<\/div>\n<\/div>\n<div class=\"happyforms-form__part happyforms-part happyforms-part--multi_line_text happyforms-part--width-full happyforms-part--label-show\" id=\"happyforms-5195_multi_line_text_3-part\" data-happyforms-type=\"multi_line_text\" data-happyforms-id=\"multi_line_text_3\" data-happyforms-required=\"\">\n\t<div class=\"happyforms-part-wrap\">\n\t\t\t\t\t\t<div class=\"happyforms-part__label-container\">\n\t\t\t\t<label for=\"happyforms-5195_multi_line_text_3\" class=\"happyforms-part__label\">\n\t\t\t<span class=\"label\">Assunto<\/span>\n\t\t\t\t\t\t\t\t\t\t<span class=\"happyforms-required\"><\/span>\n\t\t\t\t\t\t\t\t\t\t<span class=\"happyforms-optional\">(optional)<\/span>\n\t\t\t\t\t<\/label>\n\t\t\t<\/div>\n\t\t\t\n\t\t\n\t\t<div class=\"happyforms-part__el\">\n\t\t\t\n\t\t\t\t\t\t<textarea id=\"happyforms-5195_multi_line_text_3\" name=\"5195_multi_line_text_3\" rows=\"5\" placeholder=\"\" autocomplete=\"off\" spellcheck=\"false\" autocorrect=\"off\" ><\/textarea>\n\t\t\t\n\t\t\t\n\t\t\t\t\t<\/div>\n\t<\/div>\n<\/div>\n\t\t\t\t\t\t<div class=\"happyforms-form__part happyforms-part happyforms-part--submit\">\n\t\t<button type=\"submit\" class=\"happyforms-submit happyforms-button--submit \">Enviar<\/button>\n\t<\/div>\t\t<\/div>\n\n\t\t\t<\/form>\n\n\t<\/div>\n<\/p>\n<\/td>\n<\/tr>\n<tr>\n<td style=\"width: 8.02139%\"><img decoding=\"async\" class=\"alignnone wp-image-234\" src=\"http:\/\/www.eb23caiderei.pt\/site\/wp-content\/uploads\/2019\/04\/relogio-150x150.png\" alt=\"\" width=\"50\" height=\"50\" srcset=\"http:\/\/www.eb23caiderei.pt\/site\/wp-content\/uploads\/2019\/04\/relogio-150x150.png 150w, http:\/\/www.eb23caiderei.pt\/site\/wp-content\/uploads\/2019\/04\/relogio-300x300.png 300w, http:\/\/www.eb23caiderei.pt\/site\/wp-content\/uploads\/2019\/04\/relogio-250x250.png 250w, http:\/\/www.eb23caiderei.pt\/site\/wp-content\/uploads\/2019\/04\/relogio-125x125.png 125w, http:\/\/www.eb23caiderei.pt\/site\/wp-content\/uploads\/2019\/04\/relogio-64x64.png 64w, http:\/\/www.eb23caiderei.pt\/site\/wp-content\/uploads\/2019\/04\/relogio-110x110.png 110w, http:\/\/www.eb23caiderei.pt\/site\/wp-content\/uploads\/2019\/04\/relogio-420x420.png 420w, http:\/\/www.eb23caiderei.pt\/site\/wp-content\/uploads\/2019\/04\/relogio-430x430.png 430w, http:\/\/www.eb23caiderei.pt\/site\/wp-content\/uploads\/2019\/04\/relogio.png 512w\" sizes=\"(max-width: 50px) 100vw, 50px\" \/><\/td>\n<td style=\"width: 35.4724%\">Marca\u00e7\u00e3o pr\u00e9via via email<\/td>\n<\/tr>\n<tr>\n<td style=\"width: 8.02139%\"><img loading=\"lazy\" decoding=\"async\" class=\"alignnone wp-image-227\" src=\"http:\/\/www.eb23caiderei.pt\/site\/wp-content\/uploads\/2019\/04\/email-150x150.png\" alt=\"\" width=\"50\" height=\"50\" srcset=\"http:\/\/www.eb23caiderei.pt\/site\/wp-content\/uploads\/2019\/04\/email-150x150.png 150w, http:\/\/www.eb23caiderei.pt\/site\/wp-content\/uploads\/2019\/04\/email-300x300.png 300w, http:\/\/www.eb23caiderei.pt\/site\/wp-content\/uploads\/2019\/04\/email-250x250.png 250w, http:\/\/www.eb23caiderei.pt\/site\/wp-content\/uploads\/2019\/04\/email-125x125.png 125w, http:\/\/www.eb23caiderei.pt\/site\/wp-content\/uploads\/2019\/04\/email-64x64.png 64w, http:\/\/www.eb23caiderei.pt\/site\/wp-content\/uploads\/2019\/04\/email-110x110.png 110w, http:\/\/www.eb23caiderei.pt\/site\/wp-content\/uploads\/2019\/04\/email-420x420.png 420w, http:\/\/www.eb23caiderei.pt\/site\/wp-content\/uploads\/2019\/04\/email-430x430.png 430w, http:\/\/www.eb23caiderei.pt\/site\/wp-content\/uploads\/2019\/04\/email.png 512w\" sizes=\"(max-width: 50px) 100vw, 50px\" \/><\/td>\n<td style=\"width: 35.4724%\">apavel@eb23caiderei.pt<\/td>\n<\/tr>\n<tr>\n<td style=\"width: 8.02139%\"><img loading=\"lazy\" decoding=\"async\" class=\"alignnone wp-image-231\" src=\"http:\/\/www.eb23caiderei.pt\/site\/wp-content\/uploads\/2019\/04\/telephone-150x150.png\" alt=\"\" width=\"50\" height=\"50\" srcset=\"http:\/\/www.eb23caiderei.pt\/site\/wp-content\/uploads\/2019\/04\/telephone-150x150.png 150w, http:\/\/www.eb23caiderei.pt\/site\/wp-content\/uploads\/2019\/04\/telephone-300x300.png 300w, http:\/\/www.eb23caiderei.pt\/site\/wp-content\/uploads\/2019\/04\/telephone-250x250.png 250w, http:\/\/www.eb23caiderei.pt\/site\/wp-content\/uploads\/2019\/04\/telephone-125x125.png 125w, http:\/\/www.eb23caiderei.pt\/site\/wp-content\/uploads\/2019\/04\/telephone-64x64.png 64w, http:\/\/www.eb23caiderei.pt\/site\/wp-content\/uploads\/2019\/04\/telephone-110x110.png 110w, http:\/\/www.eb23caiderei.pt\/site\/wp-content\/uploads\/2019\/04\/telephone-420x420.png 420w, http:\/\/www.eb23caiderei.pt\/site\/wp-content\/uploads\/2019\/04\/telephone-430x430.png 430w, http:\/\/www.eb23caiderei.pt\/site\/wp-content\/uploads\/2019\/04\/telephone.png 512w\" sizes=\"(max-width: 50px) 100vw, 50px\" \/><\/td>\n<td style=\"width: 35.4724%\">255 821 020<\/td>\n<\/tr>\n<tr>\n<td style=\"width: 8.02139%\"><img loading=\"lazy\" decoding=\"async\" class=\"alignnone wp-image-233\" src=\"http:\/\/www.eb23caiderei.pt\/site\/wp-content\/uploads\/2019\/04\/phone-150x150.png\" alt=\"\" width=\"50\" height=\"50\" srcset=\"http:\/\/www.eb23caiderei.pt\/site\/wp-content\/uploads\/2019\/04\/phone-150x150.png 150w, http:\/\/www.eb23caiderei.pt\/site\/wp-content\/uploads\/2019\/04\/phone-300x300.png 300w, http:\/\/www.eb23caiderei.pt\/site\/wp-content\/uploads\/2019\/04\/phone-250x250.png 250w, http:\/\/www.eb23caiderei.pt\/site\/wp-content\/uploads\/2019\/04\/phone-125x125.png 125w, http:\/\/www.eb23caiderei.pt\/site\/wp-content\/uploads\/2019\/04\/phone-64x64.png 64w, http:\/\/www.eb23caiderei.pt\/site\/wp-content\/uploads\/2019\/04\/phone-110x110.png 110w, http:\/\/www.eb23caiderei.pt\/site\/wp-content\/uploads\/2019\/04\/phone-420x420.png 420w, http:\/\/www.eb23caiderei.pt\/site\/wp-content\/uploads\/2019\/04\/phone-430x430.png 430w, http:\/\/www.eb23caiderei.pt\/site\/wp-content\/uploads\/2019\/04\/phone.png 512w\" sizes=\"(max-width: 50px) 100vw, 50px\" \/><\/td>\n<td style=\"width: 35.4724%\">935821021 \/ 20<\/td>\n<\/tr>\n<tr>\n<td style=\"width: 8.02139%\"><img loading=\"lazy\" decoding=\"async\" class=\"alignleft wp-image-5208\" src=\"http:\/\/www.eb23caiderei.pt\/site\/wp-content\/uploads\/2024\/02\/facebook-box-300x254.png\" alt=\"\" width=\"70\" height=\"59\" srcset=\"http:\/\/www.eb23caiderei.pt\/site\/wp-content\/uploads\/2024\/02\/facebook-box-300x250.png 300w, http:\/\/www.eb23caiderei.pt\/site\/wp-content\/uploads\/2024\/02\/facebook-box-110x93.png 110w, http:\/\/www.eb23caiderei.pt\/site\/wp-content\/uploads\/2024\/02\/facebook-box-420x356.png 420w, http:\/\/www.eb23caiderei.pt\/site\/wp-content\/uploads\/2024\/02\/facebook-box-508x430.png 508w, http:\/\/www.eb23caiderei.pt\/site\/wp-content\/uploads\/2024\/02\/facebook-box.png 640w\" sizes=\"(max-width: 70px) 100vw, 70px\" \/><\/td>\n<td style=\"width: 35.4724%\"><a href=\"https:\/\/www.facebook.com\/people\/Apaeel-Associa%C3%A7%C3%A3o-de-Pais\/pfbid0ju1aPniJ9KVDKjn3c9kWqVy2pnDiuA4Lw2ftKN5jj8PBYY1W5f93NXJT3LGSatbLl\/\" target=\"_blank\" rel=\"noopener\">P\u00e1gina do Facebook<\/a><\/td>\n<\/tr>\n<tr>\n<td style=\"width: 8.02139%\"><img loading=\"lazy\" decoding=\"async\" class=\"alignnone wp-image-230\" src=\"http:\/\/www.eb23caiderei.pt\/site\/wp-content\/uploads\/2019\/04\/location-150x150.png\" alt=\"\" width=\"50\" height=\"50\" srcset=\"http:\/\/www.eb23caiderei.pt\/site\/wp-content\/uploads\/2019\/04\/location-150x150.png 150w, http:\/\/www.eb23caiderei.pt\/site\/wp-content\/uploads\/2019\/04\/location-300x300.png 300w, http:\/\/www.eb23caiderei.pt\/site\/wp-content\/uploads\/2019\/04\/location-250x250.png 250w, http:\/\/www.eb23caiderei.pt\/site\/wp-content\/uploads\/2019\/04\/location-125x125.png 125w, http:\/\/www.eb23caiderei.pt\/site\/wp-content\/uploads\/2019\/04\/location-64x64.png 64w, http:\/\/www.eb23caiderei.pt\/site\/wp-content\/uploads\/2019\/04\/location-110x110.png 110w, http:\/\/www.eb23caiderei.pt\/site\/wp-content\/uploads\/2019\/04\/location-420x420.png 420w, http:\/\/www.eb23caiderei.pt\/site\/wp-content\/uploads\/2019\/04\/location-430x430.png 430w, http:\/\/www.eb23caiderei.pt\/site\/wp-content\/uploads\/2019\/04\/location.png 512w\" sizes=\"(max-width: 50px) 100vw, 50px\" \/><\/td>\n<td style=\"width: 35.4724%\">Coordenadas GPS 41\u00b015'40.1\"N 8\u00b013'15.8\"W<\/td>\n<\/tr>\n<\/tbody>\n<\/table>\n<p>\u00a0<\/p>\n<div style=\"margin-top:30px; clear:both;\"><\/div><\/div>\r\n    <\/div>\r\n    \n","protected":false},"excerpt":{"rendered":"","protected":false},"author":1,"featured_media":0,"parent":0,"menu_order":0,"comment_status":"closed","ping_status":"closed","template":"","meta":{"_acf_changed":false,"footnotes":""},"acf":[],"jetpack_sharing_enabled":true,"_links":{"self":[{"href":"http:\/\/www.eb23caiderei.pt\/site\/index.php?rest_route=\/wp\/v2\/pages\/454"}],"collection":[{"href":"http:\/\/www.eb23caiderei.pt\/site\/index.php?rest_route=\/wp\/v2\/pages"}],"about":[{"href":"http:\/\/www.eb23caiderei.pt\/site\/index.php?rest_route=\/wp\/v2\/types\/page"}],"author":[{"embeddable":true,"href":"http:\/\/www.eb23caiderei.pt\/site\/index.php?rest_route=\/wp\/v2\/users\/1"}],"replies":[{"embeddable":true,"href":"http:\/\/www.eb23caiderei.pt\/site\/index.php?rest_route=%2Fwp%2Fv2%2Fcomments&post=454"}],"version-history":[{"count":17,"href":"http:\/\/www.eb23caiderei.pt\/site\/index.php?rest_route=\/wp\/v2\/pages\/454\/revisions"}],"predecessor-version":[{"id":5193,"href":"http:\/\/www.eb23caiderei.pt\/site\/index.php?rest_route=\/wp\/v2\/pages\/454\/revisions\/5193"}],"wp:attachment":[{"href":"http:\/\/www.eb23caiderei.pt\/site\/index.php?rest_route=%2Fwp%2Fv2%2Fmedia&parent=454"}],"curies":[{"name":"wp","href":"https:\/\/api.w.org\/{rel}","templated":true}]}}